{"id":2346,"date":"2026-01-07T13:27:52","date_gmt":"2026-01-07T12:27:52","guid":{"rendered":"https:\/\/www.macopartners.com\/?page_id=2346"},"modified":"2026-01-07T13:27:52","modified_gmt":"2026-01-07T12:27:52","slug":"legal-disclaimer","status":"publish","type":"page","link":"https:\/\/www.macopartners.com\/index.php\/legal-disclaimer\/","title":{"rendered":"Legal Disclaimer"},"content":{"rendered":"\r\n<h2 class=\"wp-block-heading\">Legal Disclaimer<\/h2>\r\n<p>&nbsp;<\/p>\r\n<!-- \/wp:post-content -->\r\n\r\n<!-- wp:paragraph -->\r\n<h6>Le informazioni disponibili in questo sito (il \u201cSito\u201d) sono fornite da Maco Partners Srl (di seguito \u201cSociet\u00e0\u201d o \u201cMACO\u201d) indicata nella homepage come titolare del Sito e sono intese a soddisfare l\u2019interesse generale dell\u2019utente. Le informazioni ivi contenute non sostituiscono in alcun modo i servizi professionali proposti per ottenere i quali \u00e8 necessario consultare i partners per ricevere un\u2019offerta tecnico-economica.<\/h6>\r\n<p>&nbsp;<\/p>\r\n<!-- \/wp:paragraph -->\r\n\r\n<!-- wp:heading -->\r\n<h2>Limiti all\u2019utilizzo<\/h2>\r\n<h6>\u00a0<\/h6>\r\n<h6>I contenuti delle pagine del Sito sono Copyright \u00a9 della Societ\u00e0. I contenuti delle pagine del Sito non possono, n\u00e9 totalmente n\u00e9 in parte, essere copiati, riprodotti, trasferiti, scaricati, pubblicati o distribuiti in qualsiasi modo senza il preventivo consenso scritto della Societ\u00e0, fatta salva la possibilit\u00e0 di immagazzinarli nel proprio computer o di stampare estratti delle pagine di questo Sito unicamente per utilizzo personale. I marchi, il logo ed il materiale che compare su questo Sito sono di propriet\u00e0 della Societ\u00e0. Essi non possono essere utilizzati su alcun sito Internet diverso dal Sito senza il preventivo consenso scritto della Societ\u00e0. Il nome della Societ\u00e0 e qualsiasi marchio che includa il marchio MACO non possono essere utilizzati come indirizzi Internet di altri siti, o quali parti di tali indirizzi, senza il preventivo consenso scritto della Societ\u00e0.<\/h6>\r\n<p>&nbsp;<\/p>\r\n<h2>Esclusioni di garanzie e limitazioni di responsabilit\u00e0<\/h2>\r\n<h6>La Societ\u00e0 si riserva il diritto di modificare e\/o integrare in qualsiasi momento le Condizioni Generali. La Societ\u00e0 potr\u00e0, inoltre, di volta in volta modificare, spostare o cancellare parti di, o aggiungere parti a, questo Sito. L\u2019applicazione di leggi e regolamenti pu\u00f2 variare a seconda di fatti o circostanze specifiche. A causa della natura dei processi della comunicazione elettronica, la Societ\u00e0 non garantisce in alcun modo l\u2019assenza di interruzioni del servizio, ritardi, errori, omissioni o virus all\u2019interno del Sito.<\/h6>\r\n<h6>I materiali contenuti nel Sito sono forniti \u201cnello stato in cui si trovano\u201d e senza garanzie di alcun tipo, espresse o implicite. La Societ\u00e0 non garantisce o rilascia dichiarazioni relativamente all\u2019uso od ai risultati dell\u2019uso del contenuto presente nel Sito in termini di correttezza, accuratezza, affidabilit\u00e0, tempestivit\u00e0, completezza o altro. Il fatto che un documento sia disponibile sul Sito non significa che le informazioni in esso contenute non siano state modificate o sostituite da eventi successivi o da un documento pubblicato successivamente. La Societ\u00e0 non ha alcun obbligo di aggiornare le informazioni o dichiarazioni contenute sul Sito.<\/h6>\r\n<h6>Le informazioni di questo Sito sono fornite in buona fede e la Societ\u00e0 le ritiene accurate. In ogni caso, chiunque intenda acquistare eventuali prodotti, beni o servizi non deve rifarsi a dette informazioni ma deve accertarsi, ulteriormente, dell\u2019effettiva natura di essi e della loro concreta idoneit\u00e0 all\u2019uso che se ne intende fare. Conseguentemente, tutte le informazioni di questo Sito sono fornite senza alcuna garanzia, implicita od esplicita, di qualsiasi tipo, quali, a titolo puramente esemplificativo, di qualit\u00e0 dei prodotti, beni o servizi di idoneit\u00e0 per uno specifico scopo o di non violazione di diritti di propriet\u00e0 intellettuale. In nessun caso la Societ\u00e0 sar\u00e0 ritenuta responsabile per qualsiasi danno diretto o indiretto, causato dall\u2019utilizzo di questo Sito.<\/h6>\r\n<h6>\u00a0<\/h6>\r\n<h6><strong>Copyright<\/strong>\u00a0\u00a9 2015 Maco Partners S.r.l. \u00e8 una societ\u00e0 a responsabilit\u00e0 limitata di diritto italiano. Tutti i diritti riservati<\/h6>\r\n<p>&nbsp;<\/p>\r\n<h2>Links<\/h2>\r\n<h6><strong><br \/><\/strong>Tramite il Sito \u00e8 possibile visualizzare link verso altri siti internet e comunque ad altre risorse del web (di seguito i \u201cSiti Esterni\u201d). I collegamenti a siti esterni sono forniti come semplice servizio agli utenti. L\u2019utente riconosce che la Societ\u00e0 non pu\u00f2 in alcun modo essere ritenuta responsabile per il contenuto e\/o le inserzioni pubblicitarie e\/o il funzionamento dei Siti Esterni e\/o per i prodotti e\/o i servizi di ogni tipo (incluso il commercio elettronico) ivi promozionati, offerti o commercializzati. La Societ\u00e0 non controlla tali siti e quindi esclude ogni responsabilit\u00e0 sugli stessi e i relativi contenuti. L\u2019utente riconosce pertanto che la Societ\u00e0 non \u00e8 in alcun modo responsabile, direttamente o indirettamente, per eventuali danni subiti dallo stesso in relazione al contenuto e\/ o al funzionamento dei Siti Esterni o in relazione ad acquisti o alla fruizione di beni o di servizi effettuati tramite Siti Esterni. Chi decide di visitare un Sito Esterno lo fa a suo rischio, assumendosi onere di prendere tutte le misure necessarie contro virus od altri elementi distruttivi. Il collegamento con altri siti non implica che la Societ\u00e0 sponsorizzi o sia affiliata con le entit\u00e0 che effettuano i servizi descritti in quei siti.<\/h6>\r\n<h6>La Societ\u00e0 proibisce esplicitamente i collegamenti che possano presentare aspetti di violazione delle leggi in materia di copyright e marchi come collegamenti che implicano l\u2019utilizzo non autorizzato del nostro logo o forme di collegamento che dissimulino l\u2019URL e\/o bypassino la homepage o le pagine contenenti le note di copyright, le note legali o le policy sulla gestione del sito dell\u2019entit\u00e0.<\/h6>\r\n<p>&nbsp;<\/p>\r\n<h2>Cookies<\/h2>\r\n<h6>Un \u201ccookie\u201d (cio\u00e8 un piccolo data file che alcuni siti web, mentre vengono visitati, possono inviare all\u2019indirizzo dell\u2019utente) pu\u00f2 trovarsi da qualche parte nel Sito, al fine di tracciare i percorsi dell\u2019utente nel Sito. Se si preferisce non ricevere cookie, si pu\u00f2 impostare il proprio browser in modo tale che vi avverta della presenza di un cookie e quindi decidere se accettarlo o meno. Si pu\u00f2 anche rifiutare automaticamente tutti i cookie, attivando l\u2019apposita opzione nel browser. I cookie in s\u00e9 non consentono di individuare l\u2019indirizzo di posta elettronica del visitatore n\u00e9 di identificarlo personalmente. Quando si visita il sito di MACO i cookie vengono utilizzati per la redazione di statistiche aggregate al fine di determinare le sezioni del sito preferite dai visitatori.<\/h6>\r\n<p>&nbsp;<\/p>\r\n<h2>Legge e giurisdizione<\/h2>\r\n<h6>Queste condizioni sono regolate dalla legge italiana. Il Foro di Catania, Italia, avr\u00e0 giurisdizione e competenza esclusiva per eventuali controversie comunque connesse a queste condizioni. Ci\u00f2 nonostante, la Societ\u00e0 si riserva, qualora lo ritenga necessario, di poter agire in giudizio di fronte a Tribunali di paesi o citt\u00e0 diversi dall\u2019Italia o da Catania, per proteggere i propri interessi e far rispettare i propri diritti.<\/h6>\r\n<div class=\"entry-content\">\r\n<div class=\"pf-content\">\r\n<h6>\u00a0<\/h6>\r\n<\/div>\r\n<\/div>","protected":false},"excerpt":{"rendered":"<p>Legal Disclaimer &nbsp; Le informazioni disponibili in questo sito (il \u201cSito\u201d) sono fornite da Maco Partners Srl (di seguito \u201cSociet\u00e0\u201d o \u201cMACO\u201d) indicata nella homepage come<span class=\"excerpt-hellip\"> [\u2026]<\/span><\/p>\n","protected":false},"author":1,"featured_media":-1,"parent":0,"menu_order":0,"comment_status":"closed","ping_status":"open","template":"","meta":{"footnotes":""},"class_list":["post-2346","page","type-page","status-publish","has-post-thumbnail","hentry"],"_links":{"self":[{"href":"https:\/\/www.macopartners.com\/index.php\/wp-json\/wp\/v2\/pages\/2346","targetHints":{"allow":["GET"]}}],"collection":[{"href":"https:\/\/www.macopartners.com\/index.php\/wp-json\/wp\/v2\/pages"}],"about":[{"href":"https:\/\/www.macopartners.com\/index.php\/wp-json\/wp\/v2\/types\/page"}],"author":[{"embeddable":true,"href":"https:\/\/www.macopartners.com\/index.php\/wp-json\/wp\/v2\/users\/1"}],"replies":[{"embeddable":true,"href":"https:\/\/www.macopartners.com\/index.php\/wp-json\/wp\/v2\/comments?post=2346"}],"version-history":[{"count":1,"href":"https:\/\/www.macopartners.com\/index.php\/wp-json\/wp\/v2\/pages\/2346\/revisions"}],"predecessor-version":[{"id":2347,"href":"https:\/\/www.macopartners.com\/index.php\/wp-json\/wp\/v2\/pages\/2346\/revisions\/2347"}],"wp:featuredmedia":[{"embeddable":true,"href":"https:\/\/www.macopartners.com\/index.php\/wp-json\/"}],"wp:attachment":[{"href":"https:\/\/www.macopartners.com\/index.php\/wp-json\/wp\/v2\/media?parent=2346"}],"curies":[{"name":"wp","href":"https:\/\/api.w.org\/{rel}","templated":true}]}}