{"id":3,"date":"2025-12-01T13:57:16","date_gmt":"2025-12-01T12:57:16","guid":{"rendered":"https:\/\/www.macopartners.com\/?page_id=3"},"modified":"2026-01-06T08:07:25","modified_gmt":"2026-01-06T07:07:25","slug":"privacy-policy","status":"publish","type":"page","link":"https:\/\/www.macopartners.com\/index.php\/privacy-policy\/","title":{"rendered":"Privacy Policy"},"content":{"rendered":"\r\n<h6 class=\"wp-block-heading\">MACO Partners S.r.l. (di seguito anche la \u201cSociet\u00e0\u201d o solo \u201cMACO\u201d) ha sviluppato questa Privacy Policy internet al fine di confermare la propria attivit\u00e0 a quella di soggetto fidato che rispetta e mantiene il diritto alla privacy dei visitatori nell\u2019ambiente online. Prima di utilizzare il modulo \u201cContatti\u201d o \u201cCareers\u201d su questo sito l\u2019utente dovrebbe leggere la seguente informativa.<\/h6>\r\n<h6>Il D. Lgs 196\/2003 (di seguito il \u201cCodice Privacy\u201d) detta una serie di prescrizioni volte a garantire che il trattamento dei dati personali si svolga nel rispetto dei diritti, delle libert\u00e0 fondamentali e della dignit\u00e0 delle persone fisiche, con particolare riferimento alla riservatezza e all\u2019identit\u00e0 personale. Allo stesso modo il Codice Privacy garantisce i diritti delle persone giuridiche e d\u2019ogni altro ente o associazione.<\/h6>\r\n<h6>La presente Privacy Policy illustra e descrive le modalit\u00e0 di raccolta, registrazione e utilizzo dei dati personali dell\u2019utente che utilizza il presente Sito e\/o che fornisce i propri dati personali per poter usufruire di determinati Servizi.<\/h6>\r\n<p>&nbsp;<\/p>\r\n<h6>\u00a0<\/h6>\r\n<h6><strong>Protezione dei dati personali dell\u2019utente<\/strong><\/h6>\r\n<h6>La Societ\u00e0 si impegna a proteggere la riservatezza delle informazioni acquisite. Nell\u2019ambito di questo obbligo fondamentale, MACO utilizza adeguati sistemi di tutela e utilizzo dei dati personali (spesso denominati \u201cinformazioni di identificazione personale\u201d o \u201cIIP\u201d) raccolti tramite il suo sito web. I dati personali da noi ottenuti sono quelli che il visitatore del sito decide di comunicare come, ad esempio, indirizzi di posta elettronica o informazioni necessarie per la registrazione a determinati servizi, commenti agli articoli e news presenti nel sito (post) o trasmissione di un curriculum vitae (CV). Con la registrazione e\/o la comunicazione di dati personali sul nostro sito web, l\u2019utente acconsente anche all\u2019utilizzo di tali dati che non saranno utilizzati per fini diversi senza il vostro preventivo consenso, fatta eccezione per i casi previsti dalla legge o dagli standard professionali.<\/h6>\r\n<h6>Ad esempio, l\u2019invio di un messaggio di posta elettronica alla Societ\u00e0 contenente una richiesta di informazioni implica che MACO risponder\u00e0 a tale richiesta utilizzando tale indirizzo di posta elettronica e le altre informazioni fornite dall\u2019utente. Inoltre, l\u2019invio alla Societ\u00e0 di un curriculum vitae (CV) per la candidatura online implica che la Societ\u00e0 confronter\u00e0 le informazioni fornite con le opportunit\u00e0 di lavoro disponibili.<\/h6>\r\n<p>&nbsp;<\/p>\r\n<h6><strong>Raccolta automatica di IIP<\/strong><\/h6>\r\n<h6>In alcuni casi, determinati tipi di informazioni vengono raccolti automaticamente quando si visita il sito di MACO o tramite l\u2019eventuale scambio di email. Le tecnologie automatiche di raccolta includono, tra gli altri, l\u2019utilizzo di log di web server per la raccolta di indirizzi IP, cookies e web beacon. La raccolta di tali informazioni permetter\u00e0 alla Societ\u00e0 una migliore comprensione e una miglior performance, utilizzabilit\u00e0 ed efficacia dei suoi siti oltre che valutare l\u2019efficacia delle proprie attivit\u00e0 di marketing.<\/h6>\r\n<p>&nbsp;<\/p>\r\n<h6>\u00a0<\/h6>\r\n<h6><strong>Informativa sui diritti dell\u2019utente<\/strong><\/h6>\r\n<h6>La presente \u00e8 resa altres\u00ec ai sensi dell\u2019art. 13 del Codice Privacy relativamente ai dati forniti da tutti coloro che interagiscono con i Servizi accessibili per via telematica a partire dal Sito.<\/h6>\r\n<ol>\r\n<li>\r\n<h6>L\u2019informativa \u00e8 resa solo per il Sito della Societ\u00e0 e non anche per altri siti web eventualmente consultabili dall\u2019utente tramite link.<\/h6>\r\n<\/li>\r\n<li>\r\n<h6>L\u2019utente potr\u00e0 fornire volontariamente i propri dati personali che saranno trattati e utilizzati dalla Societ\u00e0 per le finalit\u00e0 relative al Servizio richiesto indicate da specifiche informative riportate o visualizzate nelle pagine del Sito per particolari servizi o richieste.<\/h6>\r\n<\/li>\r\n<li>\r\n<h6>Il conferimento dei dati personali dell\u2019utente \u00e8 facoltativo, ma il mancato conferimento ha la conseguenza di non permettere alla Societ\u00e0 di fornire i servizi richiesti.<\/h6>\r\n<\/li>\r\n<li>\r\n<h6>I dati personali dell\u2019Utente potranno essere comunicati a societ\u00e0 controllate e\/o collegate e\/o facenti parte del network della Societ\u00e0, nonch\u00e9 a persone, societ\u00e0 o studi professionali che prestino servizi ed attivit\u00e0 di assistenza o consulenza alla Societ\u00e0 per le finalit\u00e0 di volta in volta evidenziate nelle specifiche informative e gli stessi non saranno utilizzati dalla Societ\u00e0 per altri scopi.<\/h6>\r\n<\/li>\r\n<li>\r\n<h6>I\u00a0dati personali dell\u2019utente sono trattati per il tempo strettamente necessario a conseguire gli scopi per cui sono stati raccolti.<\/h6>\r\n<\/li>\r\n<li>\r\n<h6>I dati personali dell\u2019utente sono trattati nel rispetto delle misure di sicurezza imposte dal Codice Privacy al fine di prevenire la perdita dei dati, l\u2019uso illecito o non consentito, ovvero l\u2019accesso non autorizzato.<\/h6>\r\n<\/li>\r\n<li>\r\n<h6>In relazione ai dati personali, all\u2019utente, sono riconosciuti i diritti di cui all\u2019articolo 7 del sopra citato Codice Privacy e, in particolare, il diritto di accedere ai propri dati personali, di chiederne la rettifica, l\u2019aggiornamento e la cancellazione, se incompleti, erronei o raccolti in violazione della legge, nonch\u00e9 di opporsi al loro trattamento per motivi legittimi.<\/h6>\r\n<\/li>\r\n<li>\r\n<h6>Qualora la Societ\u00e0 decidesse di modificare la presente Privacy Policy, dette modifiche saranno pubblicate sul Sito di modo che l\u2019utente possa sempre avere accesso alla versione aggiornata della stessa.<\/h6>\r\n<\/li>\r\n<li>\r\n<h6>Titolare del trattamento \u00e8 la Societ\u00e0.<\/h6>\r\n<\/li>\r\n<\/ol>\r\n<h6>Per esercitare i diritti di cui sopra o per ulteriori informazioni in materia, l\u2019utente pu\u00f2 contattare la Societ\u00e0 al seguente indirizzo di posta elettronica:\u00a0<strong>segreteria@macopartners.com<\/strong>\u00a0indicando nell\u2019oggetto il nome della Societ\u00e0 e l\u2019ambito della richiesta.<\/h6>","protected":false},"excerpt":{"rendered":"<p>MACO Partners S.r.l. (di seguito anche la \u201cSociet\u00e0\u201d o solo \u201cMACO\u201d) ha sviluppato questa Privacy Policy internet al fine di confermare la propria attivit\u00e0 a quella<span class=\"excerpt-hellip\"> [\u2026]<\/span><\/p>\n","protected":false},"author":1,"featured_media":-1,"parent":0,"menu_order":0,"comment_status":"closed","ping_status":"open","template":"","meta":{"footnotes":""},"class_list":["post-3","page","type-page","status-publish","has-post-thumbnail","hentry"],"_links":{"self":[{"href":"https:\/\/www.macopartners.com\/index.php\/wp-json\/wp\/v2\/pages\/3","targetHints":{"allow":["GET"]}}],"collection":[{"href":"https:\/\/www.macopartners.com\/index.php\/wp-json\/wp\/v2\/pages"}],"about":[{"href":"https:\/\/www.macopartners.com\/index.php\/wp-json\/wp\/v2\/types\/page"}],"author":[{"embeddable":true,"href":"https:\/\/www.macopartners.com\/index.php\/wp-json\/wp\/v2\/users\/1"}],"replies":[{"embeddable":true,"href":"https:\/\/www.macopartners.com\/index.php\/wp-json\/wp\/v2\/comments?post=3"}],"version-history":[{"count":2,"href":"https:\/\/www.macopartners.com\/index.php\/wp-json\/wp\/v2\/pages\/3\/revisions"}],"predecessor-version":[{"id":2334,"href":"https:\/\/www.macopartners.com\/index.php\/wp-json\/wp\/v2\/pages\/3\/revisions\/2334"}],"wp:featuredmedia":[{"embeddable":true,"href":"https:\/\/www.macopartners.com\/index.php\/wp-json\/"}],"wp:attachment":[{"href":"https:\/\/www.macopartners.com\/index.php\/wp-json\/wp\/v2\/media?parent=3"}],"curies":[{"name":"wp","href":"https:\/\/api.w.org\/{rel}","templated":true}]}}